{"id":612,"date":"2025-06-05T12:14:45","date_gmt":"2025-06-05T12:14:45","guid":{"rendered":"https:\/\/muhuvain.ee\/uudised\/"},"modified":"2025-06-25T09:24:23","modified_gmt":"2025-06-25T09:24:23","slug":"news","status":"publish","type":"page","link":"https:\/\/muhuvain.ee\/en\/news\/","title":{"rendered":"News"},"content":{"rendered":"\n<div class=\"wp-block-cover alignfull is-light\"><img loading=\"lazy\" decoding=\"async\" width=\"2020\" height=\"1347\" class=\"wp-block-cover__image-background wp-image-105 size-full\" alt=\"Moonsund regatta \/ Muhu V\u00e4ina regatt news are the place to read the everyday updates of the regatta. Check our social media, also! \" src=\"https:\/\/muhuvain.ee\/wp-content\/uploads\/2025\/06\/matkagrupp2.jpg\" style=\"object-position:57% 75%\" data-object-fit=\"cover\" data-object-position=\"57% 75%\" srcset=\"https:\/\/muhuvain.ee\/wp-content\/uploads\/2025\/06\/matkagrupp2.jpg 2020w, https:\/\/muhuvain.ee\/wp-content\/uploads\/2025\/06\/matkagrupp2-300x200.jpg 300w, https:\/\/muhuvain.ee\/wp-content\/uploads\/2025\/06\/matkagrupp2-1024x683.jpg 1024w, https:\/\/muhuvain.ee\/wp-content\/uploads\/2025\/06\/matkagrupp2-768x512.jpg 768w, https:\/\/muhuvain.ee\/wp-content\/uploads\/2025\/06\/matkagrupp2-1536x1024.jpg 1536w, https:\/\/muhuvain.ee\/wp-content\/uploads\/2025\/06\/matkagrupp2-1568x1046.jpg 1568w\" sizes=\"auto, (max-width: 2020px) 100vw, 2020px\" \/><span aria-hidden=\"true\" class=\"wp-block-cover__background has-background-dim-0 has-background-dim\"><\/span><div class=\"wp-block-cover__inner-container is-layout-flow wp-block-cover-is-layout-flow\">\n<p class=\"has-text-align-center has-large-font-size\"><\/p>\n<\/div><\/div>\n\n\n\n<div style=\"height:40px\" aria-hidden=\"true\" class=\"wp-block-spacer mobile-spacer-10\"><\/div>\n\n\n\n<h1 class=\"wp-block-heading has-text-align-center has-blue-color has-text-color has-link-color wp-elements-5f144ecdf6412690a451dad996ffa38c\">NEWS<\/h1>\n\n\n\t\t<div class=\"wp-block-edhotels-news custom-three-blocks news auto alignwide\"><div class=\"wp-news-columns\">\n\t\t\t\t\t<div class=\"wp-news-column\">\n\t\t\t\t<div class=\"news-inner\" style=\"background-color: #f7f7f7;\">\n\t\t\t\t\t<h4>\n\t\t\t\t\t\t<span>March 24, 2026<\/span>\n\t\t\t\t\t<\/h4>\n\t\t\t\t\t<a href=\"https:\/\/muhuvain.ee\/en\/preorder-gill-regatta-clothes-from-alter-marine\/\">\n\t\t\t\t\t\t<figure class=\"wp-block-image\" style=\"height: 280px;\">\n\t\t\t\t\t\t\t<img loading=\"lazy\" decoding=\"async\" width=\"1024\" height=\"497\" src=\"https:\/\/muhuvain.ee\/wp-content\/uploads\/2026\/03\/MV-banner-eng-1024x497.jpg\" class=\"attachment-large size-large wp-post-image\" alt=\"Muhu V\u00e4ina regati riided eeltellimises\" style=\"object-position: 50% 50%;\" srcset=\"https:\/\/muhuvain.ee\/wp-content\/uploads\/2026\/03\/MV-banner-eng-1024x497.jpg 1024w, https:\/\/muhuvain.ee\/wp-content\/uploads\/2026\/03\/MV-banner-eng-300x146.jpg 300w, https:\/\/muhuvain.ee\/wp-content\/uploads\/2026\/03\/MV-banner-eng-768x373.jpg 768w, https:\/\/muhuvain.ee\/wp-content\/uploads\/2026\/03\/MV-banner-eng-1536x746.jpg 1536w, https:\/\/muhuvain.ee\/wp-content\/uploads\/2026\/03\/MV-banner-eng.jpg 1544w\" sizes=\"auto, (max-width: 1024px) 100vw, 1024px\" \/>\t\t\t\t\t\t<\/figure>\n\t\t\t\t\t<\/a>\n\t\t\t\t\t<div class=\"news-text-wrapper\">\n\t\t\t\t\t\t<h3><a href=\"https:\/\/muhuvain.ee\/en\/preorder-gill-regatta-clothes-from-alter-marine\/\">Preorder Gill regatta clothes from Alter Marine<\/a><\/h3>\n\t\t\t\t\t\t<p>A. Le Coq 69th Moonsund Regatta\u00a0is pleased to collaborate on the production of regatta clothing with the Estonian company\u00a0Alter Marine\u00a0and sailing apparel manufacturer Gill. The last day for pre-orders is June 7, 2026, and the items can be collected at the Alter Marine pop-up store in K\u00e4rdla Marina (July 10\u201312, 2026).<\/p>\n\t\t\t\t\t\t\t\t\t\t\t<\/div>\n\t\t\t\t<\/div>\n\t\t\t<\/div>\n\t\t\t\t\t\t<div class=\"wp-news-column\">\n\t\t\t\t<div class=\"news-inner\" style=\"background-color: #f7f7f7;\">\n\t\t\t\t\t<h4>\n\t\t\t\t\t\t<span>February 27, 2026<\/span>\n\t\t\t\t\t<\/h4>\n\t\t\t\t\t<a href=\"https:\/\/muhuvain.ee\/en\/regatta-opening-party-at-hiiumaa-fishermens-day\/\">\n\t\t\t\t\t\t<figure class=\"wp-block-image\" style=\"height: 280px;\">\n\t\t\t\t\t\t\t<img loading=\"lazy\" decoding=\"async\" width=\"1024\" height=\"536\" src=\"https:\/\/muhuvain.ee\/wp-content\/uploads\/2026\/03\/Kalurite-paev-1024x536.jpg\" class=\"attachment-large size-large wp-post-image\" alt=\"Hiiumaa Kalurite pa\u0308ev\" style=\"object-position: 50% 50%;\" srcset=\"https:\/\/muhuvain.ee\/wp-content\/uploads\/2026\/03\/Kalurite-paev-1024x536.jpg 1024w, https:\/\/muhuvain.ee\/wp-content\/uploads\/2026\/03\/Kalurite-paev-300x157.jpg 300w, https:\/\/muhuvain.ee\/wp-content\/uploads\/2026\/03\/Kalurite-paev-768x402.jpg 768w, https:\/\/muhuvain.ee\/wp-content\/uploads\/2026\/03\/Kalurite-paev-1536x804.jpg 1536w, https:\/\/muhuvain.ee\/wp-content\/uploads\/2026\/03\/Kalurite-paev-1568x821.jpg 1568w, https:\/\/muhuvain.ee\/wp-content\/uploads\/2026\/03\/Kalurite-paev.jpg 2000w\" sizes=\"auto, (max-width: 1024px) 100vw, 1024px\" \/>\t\t\t\t\t\t<\/figure>\n\t\t\t\t\t<\/a>\n\t\t\t\t\t<div class=\"news-text-wrapper\">\n\t\t\t\t\t\t<h3><a href=\"https:\/\/muhuvain.ee\/en\/regatta-opening-party-at-hiiumaa-fishermens-day\/\">Regatta opening party at Hiiumaa Fishermen\u2019s Day<\/a><\/h3>\n\t\t\t\t\t\t<p>For the first time in history, the opening ceremony of the A. Le Coq Muhu V\u00e4ina Regatta will be held on Hiiumaa Fishermen\u2019s Day, where the 50th anniversary of Jahtklubi Dago will also be celebrated.<\/p>\n\t\t\t\t\t\t\t\t\t\t\t<\/div>\n\t\t\t\t<\/div>\n\t\t\t<\/div>\n\t\t\t\t\t\t<div class=\"wp-news-column\">\n\t\t\t\t<div class=\"news-inner\" style=\"background-color: #f7f7f7;\">\n\t\t\t\t\t<h4>\n\t\t\t\t\t\t<span>February 11, 2026<\/span>\n\t\t\t\t\t<\/h4>\n\t\t\t\t\t<a href=\"https:\/\/muhuvain.ee\/en\/registration-is-open\/\">\n\t\t\t\t\t\t<figure class=\"wp-block-image\" style=\"height: 280px;\">\n\t\t\t\t\t\t\t<img loading=\"lazy\" decoding=\"async\" width=\"1024\" height=\"576\" src=\"https:\/\/muhuvain.ee\/wp-content\/uploads\/2026\/02\/2026-MV-SoMe-NoR-published-1920x1080-1-1024x576.jpg\" class=\"attachment-large size-large wp-post-image\" alt=\"NoR is published\" style=\"object-position: 50% 50%;\" srcset=\"https:\/\/muhuvain.ee\/wp-content\/uploads\/2026\/02\/2026-MV-SoMe-NoR-published-1920x1080-1-1024x576.jpg 1024w, https:\/\/muhuvain.ee\/wp-content\/uploads\/2026\/02\/2026-MV-SoMe-NoR-published-1920x1080-1-300x169.jpg 300w, https:\/\/muhuvain.ee\/wp-content\/uploads\/2026\/02\/2026-MV-SoMe-NoR-published-1920x1080-1-768x432.jpg 768w, https:\/\/muhuvain.ee\/wp-content\/uploads\/2026\/02\/2026-MV-SoMe-NoR-published-1920x1080-1-1536x864.jpg 1536w, https:\/\/muhuvain.ee\/wp-content\/uploads\/2026\/02\/2026-MV-SoMe-NoR-published-1920x1080-1-1568x882.jpg 1568w, https:\/\/muhuvain.ee\/wp-content\/uploads\/2026\/02\/2026-MV-SoMe-NoR-published-1920x1080-1.jpg 1920w\" sizes=\"auto, (max-width: 1024px) 100vw, 1024px\" \/>\t\t\t\t\t\t<\/figure>\n\t\t\t\t\t<\/a>\n\t\t\t\t\t<div class=\"news-text-wrapper\">\n\t\t\t\t\t\t<h3><a href=\"https:\/\/muhuvain.ee\/en\/registration-is-open\/\">Registration is open<\/a><\/h3>\n\t\t\t\t\t\t<p>The Notice of Race for the A. Le Coq 69th Moonsund Regatta (July 10-17, 2026) has been published and registration is open on Manage2Sail. <\/p>\n\t\t\t\t\t\t\t\t\t\t\t<\/div>\n\t\t\t\t<\/div>\n\t\t\t<\/div>\n\t\t\t\t\t\t<div class=\"wp-news-column\">\n\t\t\t\t<div class=\"news-inner\" style=\"background-color: #f7f7f7;\">\n\t\t\t\t\t<h4>\n\t\t\t\t\t\t<span>January 13, 2026<\/span>\n\t\t\t\t\t<\/h4>\n\t\t\t\t\t<a href=\"https:\/\/muhuvain.ee\/en\/a-le-coq-69th-moonsund-regatta-will-take-place-july-10-17\/\">\n\t\t\t\t\t\t<figure class=\"wp-block-image\" style=\"height: 280px;\">\n\t\t\t\t\t\t\t<img loading=\"lazy\" decoding=\"async\" width=\"1024\" height=\"576\" src=\"https:\/\/muhuvain.ee\/wp-content\/uploads\/2026\/01\/2026-MV-SoMe-save-the-date-1920x1080-1-1024x576.jpg\" class=\"attachment-large size-large wp-post-image\" alt=\"A. Le Coq 69. Muhu V\u00e4ina regatt v\u00f5isteldakse 2026. aastal rajal K\u00e4rdla-Kuivastu-K\u00f5iguste-Kuressaare. V\u00f5istlusteate avaldatakse jaanuaris.\" style=\"object-position: 50% 50%;\" srcset=\"https:\/\/muhuvain.ee\/wp-content\/uploads\/2026\/01\/2026-MV-SoMe-save-the-date-1920x1080-1-1024x576.jpg 1024w, https:\/\/muhuvain.ee\/wp-content\/uploads\/2026\/01\/2026-MV-SoMe-save-the-date-1920x1080-1-300x169.jpg 300w, https:\/\/muhuvain.ee\/wp-content\/uploads\/2026\/01\/2026-MV-SoMe-save-the-date-1920x1080-1-768x432.jpg 768w, https:\/\/muhuvain.ee\/wp-content\/uploads\/2026\/01\/2026-MV-SoMe-save-the-date-1920x1080-1-1536x864.jpg 1536w, https:\/\/muhuvain.ee\/wp-content\/uploads\/2026\/01\/2026-MV-SoMe-save-the-date-1920x1080-1-1568x882.jpg 1568w, https:\/\/muhuvain.ee\/wp-content\/uploads\/2026\/01\/2026-MV-SoMe-save-the-date-1920x1080-1.jpg 1920w\" sizes=\"auto, (max-width: 1024px) 100vw, 1024px\" \/>\t\t\t\t\t\t<\/figure>\n\t\t\t\t\t<\/a>\n\t\t\t\t\t<div class=\"news-text-wrapper\">\n\t\t\t\t\t\t<h3><a href=\"https:\/\/muhuvain.ee\/en\/a-le-coq-69th-moonsund-regatta-will-take-place-july-10-17\/\">A. Le Coq 69th Moonsund Regatta will take place July 10-17<\/a><\/h3>\n\t\t\t\t\t\t<p>The A. Le Coq 69th Moonsund Regatta will be sailed in 2026 on the route K\u00e4rdla\u2013Kuivastu\u2013K\u00f5iguste\u2013Kuressaare. We will publish the Notice of Race and open the registration in the last days of January.<\/p>\n\t\t\t\t\t\t\t\t\t\t\t<\/div>\n\t\t\t\t<\/div>\n\t\t\t<\/div>\n\t\t\t\t\t\t<div class=\"wp-news-column\">\n\t\t\t\t<div class=\"news-inner\" style=\"background-color: #f7f7f7;\">\n\t\t\t\t\t<h4>\n\t\t\t\t\t\t<span>July 28, 2025<\/span>\n\t\t\t\t\t<\/h4>\n\t\t\t\t\t<a href=\"https:\/\/muhuvain.ee\/en\/special-prizes-from-apotheka-health-partner-of-the-regatta\/\">\n\t\t\t\t\t\t<figure class=\"wp-block-image\" style=\"height: 280px;\">\n\t\t\t\t\t\t\t<img loading=\"lazy\" decoding=\"async\" width=\"1024\" height=\"683\" src=\"https:\/\/muhuvain.ee\/wp-content\/uploads\/2025\/07\/54667391005_1295da894d_o-1024x683.jpg\" class=\"attachment-large size-large wp-post-image\" alt=\"Apotheka eriauhinnad, jaht Ellida\" style=\"object-position: 50% 50%;\" srcset=\"https:\/\/muhuvain.ee\/wp-content\/uploads\/2025\/07\/54667391005_1295da894d_o-1024x683.jpg 1024w, https:\/\/muhuvain.ee\/wp-content\/uploads\/2025\/07\/54667391005_1295da894d_o-300x200.jpg 300w, https:\/\/muhuvain.ee\/wp-content\/uploads\/2025\/07\/54667391005_1295da894d_o-768x512.jpg 768w, https:\/\/muhuvain.ee\/wp-content\/uploads\/2025\/07\/54667391005_1295da894d_o-1536x1024.jpg 1536w, https:\/\/muhuvain.ee\/wp-content\/uploads\/2025\/07\/54667391005_1295da894d_o-2048x1365.jpg 2048w, https:\/\/muhuvain.ee\/wp-content\/uploads\/2025\/07\/54667391005_1295da894d_o-1568x1045.jpg 1568w\" sizes=\"auto, (max-width: 1024px) 100vw, 1024px\" \/>\t\t\t\t\t\t<\/figure>\n\t\t\t\t\t<\/a>\n\t\t\t\t\t<div class=\"news-text-wrapper\">\n\t\t\t\t\t\t<h3><a href=\"https:\/\/muhuvain.ee\/en\/special-prizes-from-apotheka-health-partner-of-the-regatta\/\">Traditional regatta health partner Apotheka special awards<\/a><\/h3>\n\t\t\t\t\t\t<p>With special awards from <a href=\"https:\/\/www.facebook.com\/Apotheka\">Apotheka<\/a>, the health partner of the regatta, we highlighted the sailors and teams who stood out with something special at the regatta awards ceremony in P\u00e4rnu. Many thanks to Apotheka for thinking and remembering!<\/p>\n\t\t\t\t\t\t\t\t\t\t\t<\/div>\n\t\t\t\t<\/div>\n\t\t\t<\/div>\n\t\t\t\t\t\t<div class=\"wp-news-column\">\n\t\t\t\t<div class=\"news-inner\" style=\"background-color: #f7f7f7;\">\n\t\t\t\t\t<h4>\n\t\t\t\t\t\t<span>July 25, 2025<\/span>\n\t\t\t\t\t<\/h4>\n\t\t\t\t\t<a href=\"https:\/\/muhuvain.ee\/en\/winners-of-a-le-coq-68-th-moonsund-regatta\/\">\n\t\t\t\t\t\t<figure class=\"wp-block-image\" style=\"height: 280px;\">\n\t\t\t\t\t\t\t<img loading=\"lazy\" decoding=\"async\" width=\"1024\" height=\"683\" src=\"https:\/\/muhuvain.ee\/wp-content\/uploads\/2025\/07\/Olympicu-shampnja-shower-1024x683.jpg\" class=\"attachment-large size-large wp-post-image\" alt=\"Olympicu \u0161ampanja shower\" style=\"object-position: 50% 50%;\" srcset=\"https:\/\/muhuvain.ee\/wp-content\/uploads\/2025\/07\/Olympicu-shampnja-shower-1024x683.jpg 1024w, https:\/\/muhuvain.ee\/wp-content\/uploads\/2025\/07\/Olympicu-shampnja-shower-300x200.jpg 300w, https:\/\/muhuvain.ee\/wp-content\/uploads\/2025\/07\/Olympicu-shampnja-shower-768x512.jpg 768w, https:\/\/muhuvain.ee\/wp-content\/uploads\/2025\/07\/Olympicu-shampnja-shower-1536x1024.jpg 1536w, https:\/\/muhuvain.ee\/wp-content\/uploads\/2025\/07\/Olympicu-shampnja-shower-1568x1045.jpg 1568w, https:\/\/muhuvain.ee\/wp-content\/uploads\/2025\/07\/Olympicu-shampnja-shower.jpg 2048w\" sizes=\"auto, (max-width: 1024px) 100vw, 1024px\" \/>\t\t\t\t\t\t<\/figure>\n\t\t\t\t\t<\/a>\n\t\t\t\t\t<div class=\"news-text-wrapper\">\n\t\t\t\t\t\t<h3><a href=\"https:\/\/muhuvain.ee\/en\/winners-of-a-le-coq-68-th-moonsund-regatta\/\">The winners of this year&#8217;s A. Le Coq 68th Moonsund Regatta have been awarded<\/a><\/h3>\n\t\t\t\t\t\t<p>On Saturday, July 19, Estonia&#8217;s oldest and largest sailing competition \u2013 the A. Le Coq 68th Moonsund \/ Muhu V\u00e4in Regatta \u2013 concluded in P\u00e4rnu. The regatta brought nearly one hundred yachts and almost 600 sailors from Estonia, Finland, Latvia, Lithuania, and Sweden to Estonian waters.<\/p>\n\t\t\t\t\t\t\t\t\t\t\t<\/div>\n\t\t\t\t<\/div>\n\t\t\t<\/div>\n\t\t\t\t\t\t<div class=\"wp-news-column\">\n\t\t\t\t<div class=\"news-inner\" style=\"background-color: #f7f7f7;\">\n\t\t\t\t\t<h4>\n\t\t\t\t\t\t<span>July 7, 2025<\/span>\n\t\t\t\t\t<\/h4>\n\t\t\t\t\t<a href=\"https:\/\/muhuvain.ee\/en\/schedule-of-technical-inspection-is-published\/\">\n\t\t\t\t\t\t<figure class=\"wp-block-image\" style=\"height: 280px;\">\n\t\t\t\t\t\t\t<img loading=\"lazy\" decoding=\"async\" width=\"1024\" height=\"683\" src=\"https:\/\/muhuvain.ee\/wp-content\/uploads\/2025\/07\/53856891620_e409cd77fb_o-1024x683.jpg\" class=\"attachment-large size-large wp-post-image\" alt=\"tehnilise kontrolli ajad\" style=\"object-position: 50% 50%;\" srcset=\"https:\/\/muhuvain.ee\/wp-content\/uploads\/2025\/07\/53856891620_e409cd77fb_o-1024x683.jpg 1024w, https:\/\/muhuvain.ee\/wp-content\/uploads\/2025\/07\/53856891620_e409cd77fb_o-300x200.jpg 300w, https:\/\/muhuvain.ee\/wp-content\/uploads\/2025\/07\/53856891620_e409cd77fb_o-768x512.jpg 768w, https:\/\/muhuvain.ee\/wp-content\/uploads\/2025\/07\/53856891620_e409cd77fb_o-1536x1024.jpg 1536w, https:\/\/muhuvain.ee\/wp-content\/uploads\/2025\/07\/53856891620_e409cd77fb_o-2048x1365.jpg 2048w, https:\/\/muhuvain.ee\/wp-content\/uploads\/2025\/07\/53856891620_e409cd77fb_o-1568x1045.jpg 1568w\" sizes=\"auto, (max-width: 1024px) 100vw, 1024px\" \/>\t\t\t\t\t\t<\/figure>\n\t\t\t\t\t<\/a>\n\t\t\t\t\t<div class=\"news-text-wrapper\">\n\t\t\t\t\t\t<h3><a href=\"https:\/\/muhuvain.ee\/en\/schedule-of-technical-inspection-is-published\/\">Schedule of technical inspection is published<\/a><\/h3>\n\t\t\t\t\t\t<p>Pre-competition technical inspection will take place on July 12, 2025, at the Haapsalu Yacht Club. Equipment checks will be conducted according to a schedule, and you can register your time slot via the Doodle links below.<\/p>\n\t\t\t\t\t\t\t\t\t\t\t<\/div>\n\t\t\t\t<\/div>\n\t\t\t<\/div>\n\t\t\t\t\t\t<div class=\"wp-news-column\">\n\t\t\t\t<div class=\"news-inner\" style=\"background-color: #f7f7f7;\">\n\t\t\t\t\t<h4>\n\t\t\t\t\t\t<span>June 30, 2025<\/span>\n\t\t\t\t\t<\/h4>\n\t\t\t\t\t<a href=\"https:\/\/muhuvain.ee\/en\/sportlandi-pop-up\/\">\n\t\t\t\t\t\t<figure class=\"wp-block-image\" style=\"height: 280px;\">\n\t\t\t\t\t\t\t<img loading=\"lazy\" decoding=\"async\" width=\"819\" height=\"1024\" src=\"https:\/\/muhuvain.ee\/wp-content\/uploads\/2025\/06\/202506-MV-SoMe-sportland-07-819x1024.jpg\" class=\"attachment-large size-large wp-post-image\" alt=\"Sportlandi pop-up\" style=\"object-position: 50% 50%;\" srcset=\"https:\/\/muhuvain.ee\/wp-content\/uploads\/2025\/06\/202506-MV-SoMe-sportland-07-819x1024.jpg 819w, https:\/\/muhuvain.ee\/wp-content\/uploads\/2025\/06\/202506-MV-SoMe-sportland-07-240x300.jpg 240w, https:\/\/muhuvain.ee\/wp-content\/uploads\/2025\/06\/202506-MV-SoMe-sportland-07-768x960.jpg 768w, https:\/\/muhuvain.ee\/wp-content\/uploads\/2025\/06\/202506-MV-SoMe-sportland-07-1229x1536.jpg 1229w, https:\/\/muhuvain.ee\/wp-content\/uploads\/2025\/06\/202506-MV-SoMe-sportland-07-1638x2048.jpg 1638w, https:\/\/muhuvain.ee\/wp-content\/uploads\/2025\/06\/202506-MV-SoMe-sportland-07-1568x1960.jpg 1568w, https:\/\/muhuvain.ee\/wp-content\/uploads\/2025\/06\/202506-MV-SoMe-sportland-07-scaled.jpg 2048w\" sizes=\"auto, (max-width: 819px) 100vw, 819px\" \/>\t\t\t\t\t\t<\/figure>\n\t\t\t\t\t<\/a>\n\t\t\t\t\t<div class=\"news-text-wrapper\">\n\t\t\t\t\t\t<h3><a href=\"https:\/\/muhuvain.ee\/en\/sportlandi-pop-up\/\">Sportland gears up regatta sailors<\/a><\/h3>\n\t\t\t\t\t\t<p>Sportland\u2019s pop-up store will be open in the regatta village at the Haapsalu Yacht Club from Friday, July 11, to Sunday, July 13. At the store, you can purchase clothing featuring the official symbols of the A. Le Coq 68th Muhu V\u00e4in Regatta, along with a wide selection of sportswear, casual clothing, and footwear.<\/p>\n\t\t\t\t\t\t\t\t\t\t\t<\/div>\n\t\t\t\t<\/div>\n\t\t\t<\/div>\n\t\t\t\t\t\t<div class=\"wp-news-column\">\n\t\t\t\t<div class=\"news-inner\" style=\"background-color: #f7f7f7;\">\n\t\t\t\t\t<h4>\n\t\t\t\t\t\t<span>July 26, 2024<\/span>\n\t\t\t\t\t<\/h4>\n\t\t\t\t\t<a href=\"https:\/\/muhuvain.ee\/en\/special-prizes-from-apotheka\/\">\n\t\t\t\t\t\t<figure class=\"wp-block-image\" style=\"height: 280px;\">\n\t\t\t\t\t\t\t<img loading=\"lazy\" decoding=\"async\" width=\"683\" height=\"1024\" src=\"https:\/\/muhuvain.ee\/wp-content\/uploads\/2025\/05\/apotheka-683x1024.jpg\" class=\"attachment-large size-large wp-post-image\" alt=\"\" style=\"object-position: 50% 50%;\" srcset=\"https:\/\/muhuvain.ee\/wp-content\/uploads\/2025\/05\/apotheka-683x1024.jpg 683w, https:\/\/muhuvain.ee\/wp-content\/uploads\/2025\/05\/apotheka-200x300.jpg 200w, https:\/\/muhuvain.ee\/wp-content\/uploads\/2025\/05\/apotheka-768x1152.jpg 768w, https:\/\/muhuvain.ee\/wp-content\/uploads\/2025\/05\/apotheka-1024x1536.jpg 1024w, https:\/\/muhuvain.ee\/wp-content\/uploads\/2025\/05\/apotheka-1365x2048.jpg 1365w, https:\/\/muhuvain.ee\/wp-content\/uploads\/2025\/05\/apotheka-1568x2352.jpg 1568w, https:\/\/muhuvain.ee\/wp-content\/uploads\/2025\/05\/apotheka-scaled.jpg 1706w\" sizes=\"auto, (max-width: 683px) 100vw, 683px\" \/>\t\t\t\t\t\t<\/figure>\n\t\t\t\t\t<\/a>\n\t\t\t\t\t<div class=\"news-text-wrapper\">\n\t\t\t\t\t\t<h3><a href=\"https:\/\/muhuvain.ee\/en\/special-prizes-from-apotheka\/\">Special prizes from Apotheka, health partner of the regatta<\/a><\/h3>\n\t\t\t\t\t\t<p>With the special awards from the regatta\u2019s health partner, Apotheka, we highlighted sailors and teams who stood out for something special during the regatta awards ceremony in Haapsalu. Many thanks to Apotheka for their support and thoughtfulness!<\/p>\n\t\t\t\t\t\t\t\t\t\t\t<\/div>\n\t\t\t\t<\/div>\n\t\t\t<\/div>\n\t\t\t\t\t<\/div><\/div>\n\t\n\n\n<div style=\"height:40px\" aria-hidden=\"true\" class=\"wp-block-spacer mobile-spacer-10\"><\/div>\n\n\n\n<p><\/p>\n","protected":false},"excerpt":{"rendered":"<p>NEWS<\/p>\n","protected":false},"author":3,"featured_media":0,"parent":0,"menu_order":0,"comment_status":"closed","ping_status":"closed","template":"","meta":{"_eb_attr":"","footnotes":""},"class_list":["post-612","page","type-page","status-publish","hentry"],"yoast_head":"<!-- This site is optimized with the Yoast SEO plugin v27.3 - https:\/\/yoast.com\/product\/yoast-seo-wordpress\/ -->\n<title>News - Muhu V&auml;ina regatt<\/title>\n<meta name=\"description\" content=\"Moonsund regatta \/ Muhu V\u00e4ina regatt news are the place to read the everyday updates of the regatta. Check our social media, also!\" \/>\n<meta name=\"robots\" content=\"index, follow, max-snippet:-1, max-image-preview:large, max-video-preview:-1\" \/>\n<link rel=\"canonical\" href=\"https:\/\/muhuvain.ee\/en\/news\/\" \/>\n<meta property=\"og:locale\" content=\"en_US\" \/>\n<meta property=\"og:type\" content=\"article\" \/>\n<meta property=\"og:title\" content=\"News - Muhu V&auml;ina regatt\" \/>\n<meta property=\"og:description\" content=\"Moonsund regatta \/ Muhu V\u00e4ina regatt news are the place to read the everyday updates of the regatta. Check our social media, also!\" \/>\n<meta property=\"og:url\" content=\"https:\/\/muhuvain.ee\/en\/news\/\" \/>\n<meta property=\"og:site_name\" content=\"Muhu V&auml;ina regatt\" \/>\n<meta property=\"article:modified_time\" content=\"2025-06-25T09:24:23+00:00\" \/>\n<meta property=\"og:image\" content=\"https:\/\/muhuvain.ee\/wp-content\/uploads\/2025\/06\/matkagrupp2.jpg\" \/>\n<meta name=\"twitter:card\" content=\"summary_large_image\" \/>\n<meta name=\"twitter:label1\" content=\"Est. reading time\" \/>\n\t<meta name=\"twitter:data1\" content=\"1 minute\" \/>\n<script type=\"application\/ld+json\" class=\"yoast-schema-graph\">{\"@context\":\"https:\\\/\\\/schema.org\",\"@graph\":[{\"@type\":\"WebPage\",\"@id\":\"https:\\\/\\\/muhuvain.ee\\\/en\\\/news\\\/\",\"url\":\"https:\\\/\\\/muhuvain.ee\\\/en\\\/news\\\/\",\"name\":\"News - Muhu V&auml;ina regatt\",\"isPartOf\":{\"@id\":\"https:\\\/\\\/muhuvain.ee\\\/#website\"},\"primaryImageOfPage\":{\"@id\":\"https:\\\/\\\/muhuvain.ee\\\/en\\\/news\\\/#primaryimage\"},\"image\":{\"@id\":\"https:\\\/\\\/muhuvain.ee\\\/en\\\/news\\\/#primaryimage\"},\"thumbnailUrl\":\"https:\\\/\\\/muhuvain.ee\\\/wp-content\\\/uploads\\\/2025\\\/06\\\/matkagrupp2.jpg\",\"datePublished\":\"2025-06-05T12:14:45+00:00\",\"dateModified\":\"2025-06-25T09:24:23+00:00\",\"description\":\"Moonsund regatta \\\/ Muhu V\u00e4ina regatt news are the place to read the everyday updates of the regatta. Check our social media, also!\",\"breadcrumb\":{\"@id\":\"https:\\\/\\\/muhuvain.ee\\\/en\\\/news\\\/#breadcrumb\"},\"inLanguage\":\"en-US\",\"potentialAction\":[{\"@type\":\"ReadAction\",\"target\":[\"https:\\\/\\\/muhuvain.ee\\\/en\\\/news\\\/\"]}]},{\"@type\":\"ImageObject\",\"inLanguage\":\"en-US\",\"@id\":\"https:\\\/\\\/muhuvain.ee\\\/en\\\/news\\\/#primaryimage\",\"url\":\"https:\\\/\\\/muhuvain.ee\\\/wp-content\\\/uploads\\\/2025\\\/06\\\/matkagrupp2.jpg\",\"contentUrl\":\"https:\\\/\\\/muhuvain.ee\\\/wp-content\\\/uploads\\\/2025\\\/06\\\/matkagrupp2.jpg\"},{\"@type\":\"BreadcrumbList\",\"@id\":\"https:\\\/\\\/muhuvain.ee\\\/en\\\/news\\\/#breadcrumb\",\"itemListElement\":[{\"@type\":\"ListItem\",\"position\":1,\"name\":\"Home\",\"item\":\"https:\\\/\\\/muhuvain.ee\\\/en\\\/\"},{\"@type\":\"ListItem\",\"position\":2,\"name\":\"News\"}]},{\"@type\":\"WebSite\",\"@id\":\"https:\\\/\\\/muhuvain.ee\\\/#website\",\"url\":\"https:\\\/\\\/muhuvain.ee\\\/\",\"name\":\"Muhu V&auml;ina regatt\",\"description\":\"A. Le Coq 69. Muhu V&auml;ina regatt \\\/ A. Le Coq 69th Moonsund Regatta \\\/ 10-17.07.2026\",\"potentialAction\":[{\"@type\":\"SearchAction\",\"target\":{\"@type\":\"EntryPoint\",\"urlTemplate\":\"https:\\\/\\\/muhuvain.ee\\\/?s={search_term_string}\"},\"query-input\":{\"@type\":\"PropertyValueSpecification\",\"valueRequired\":true,\"valueName\":\"search_term_string\"}}],\"inLanguage\":\"en-US\"}]}<\/script>\n<!-- \/ Yoast SEO plugin. -->","yoast_head_json":{"title":"News - Muhu V&auml;ina regatt","description":"Moonsund regatta \/ Muhu V\u00e4ina regatt news are the place to read the everyday updates of the regatta. Check our social media, also!","robots":{"index":"index","follow":"follow","max-snippet":"max-snippet:-1","max-image-preview":"max-image-preview:large","max-video-preview":"max-video-preview:-1"},"canonical":"https:\/\/muhuvain.ee\/en\/news\/","og_locale":"en_US","og_type":"article","og_title":"News - Muhu V&auml;ina regatt","og_description":"Moonsund regatta \/ Muhu V\u00e4ina regatt news are the place to read the everyday updates of the regatta. Check our social media, also!","og_url":"https:\/\/muhuvain.ee\/en\/news\/","og_site_name":"Muhu V&auml;ina regatt","article_modified_time":"2025-06-25T09:24:23+00:00","og_image":[{"url":"https:\/\/muhuvain.ee\/wp-content\/uploads\/2025\/06\/matkagrupp2.jpg","type":"","width":"","height":""}],"twitter_card":"summary_large_image","twitter_misc":{"Est. reading time":"1 minute"},"schema":{"@context":"https:\/\/schema.org","@graph":[{"@type":"WebPage","@id":"https:\/\/muhuvain.ee\/en\/news\/","url":"https:\/\/muhuvain.ee\/en\/news\/","name":"News - Muhu V&auml;ina regatt","isPartOf":{"@id":"https:\/\/muhuvain.ee\/#website"},"primaryImageOfPage":{"@id":"https:\/\/muhuvain.ee\/en\/news\/#primaryimage"},"image":{"@id":"https:\/\/muhuvain.ee\/en\/news\/#primaryimage"},"thumbnailUrl":"https:\/\/muhuvain.ee\/wp-content\/uploads\/2025\/06\/matkagrupp2.jpg","datePublished":"2025-06-05T12:14:45+00:00","dateModified":"2025-06-25T09:24:23+00:00","description":"Moonsund regatta \/ Muhu V\u00e4ina regatt news are the place to read the everyday updates of the regatta. Check our social media, also!","breadcrumb":{"@id":"https:\/\/muhuvain.ee\/en\/news\/#breadcrumb"},"inLanguage":"en-US","potentialAction":[{"@type":"ReadAction","target":["https:\/\/muhuvain.ee\/en\/news\/"]}]},{"@type":"ImageObject","inLanguage":"en-US","@id":"https:\/\/muhuvain.ee\/en\/news\/#primaryimage","url":"https:\/\/muhuvain.ee\/wp-content\/uploads\/2025\/06\/matkagrupp2.jpg","contentUrl":"https:\/\/muhuvain.ee\/wp-content\/uploads\/2025\/06\/matkagrupp2.jpg"},{"@type":"BreadcrumbList","@id":"https:\/\/muhuvain.ee\/en\/news\/#breadcrumb","itemListElement":[{"@type":"ListItem","position":1,"name":"Home","item":"https:\/\/muhuvain.ee\/en\/"},{"@type":"ListItem","position":2,"name":"News"}]},{"@type":"WebSite","@id":"https:\/\/muhuvain.ee\/#website","url":"https:\/\/muhuvain.ee\/","name":"Muhu V&auml;ina regatt","description":"A. Le Coq 69. Muhu V&auml;ina regatt \/ A. Le Coq 69th Moonsund Regatta \/ 10-17.07.2026","potentialAction":[{"@type":"SearchAction","target":{"@type":"EntryPoint","urlTemplate":"https:\/\/muhuvain.ee\/?s={search_term_string}"},"query-input":{"@type":"PropertyValueSpecification","valueRequired":true,"valueName":"search_term_string"}}],"inLanguage":"en-US"}]}},"_links":{"self":[{"href":"https:\/\/muhuvain.ee\/en\/wp-json\/wp\/v2\/pages\/612","targetHints":{"allow":["GET"]}}],"collection":[{"href":"https:\/\/muhuvain.ee\/en\/wp-json\/wp\/v2\/pages"}],"about":[{"href":"https:\/\/muhuvain.ee\/en\/wp-json\/wp\/v2\/types\/page"}],"author":[{"embeddable":true,"href":"https:\/\/muhuvain.ee\/en\/wp-json\/wp\/v2\/users\/3"}],"replies":[{"embeddable":true,"href":"https:\/\/muhuvain.ee\/en\/wp-json\/wp\/v2\/comments?post=612"}],"version-history":[{"count":1,"href":"https:\/\/muhuvain.ee\/en\/wp-json\/wp\/v2\/pages\/612\/revisions"}],"predecessor-version":[{"id":693,"href":"https:\/\/muhuvain.ee\/en\/wp-json\/wp\/v2\/pages\/612\/revisions\/693"}],"wp:attachment":[{"href":"https:\/\/muhuvain.ee\/en\/wp-json\/wp\/v2\/media?parent=612"}],"curies":[{"name":"wp","href":"https:\/\/api.w.org\/{rel}","templated":true}]}}