{"id":600,"date":"2025-06-06T08:10:51","date_gmt":"2025-06-06T08:10:51","guid":{"rendered":"https:\/\/muhuvain.ee\/kaldaprogramm\/"},"modified":"2025-07-10T07:31:33","modified_gmt":"2025-07-10T07:31:33","slug":"shore-programme","status":"publish","type":"page","link":"https:\/\/muhuvain.ee\/en\/shore-programme\/","title":{"rendered":"Programme"},"content":{"rendered":"\n<div class=\"wp-block-cover alignfull is-light\"><img loading=\"lazy\" decoding=\"async\" width=\"2020\" height=\"1347\" class=\"wp-block-cover__image-background wp-image-109 size-full\" alt=\"Moonsund Regatta \/ Muhu V\u00e4ina regatt shore programme - keep your eye on the programme and take part of the events!\" src=\"https:\/\/muhuvain.ee\/wp-content\/uploads\/2025\/06\/matkagrupp4.jpg\" data-object-fit=\"cover\" srcset=\"https:\/\/muhuvain.ee\/wp-content\/uploads\/2025\/06\/matkagrupp4.jpg 2020w, https:\/\/muhuvain.ee\/wp-content\/uploads\/2025\/06\/matkagrupp4-300x200.jpg 300w, https:\/\/muhuvain.ee\/wp-content\/uploads\/2025\/06\/matkagrupp4-1024x683.jpg 1024w, https:\/\/muhuvain.ee\/wp-content\/uploads\/2025\/06\/matkagrupp4-768x512.jpg 768w, https:\/\/muhuvain.ee\/wp-content\/uploads\/2025\/06\/matkagrupp4-1536x1024.jpg 1536w, https:\/\/muhuvain.ee\/wp-content\/uploads\/2025\/06\/matkagrupp4-1568x1046.jpg 1568w\" sizes=\"auto, (max-width: 2020px) 100vw, 2020px\" \/><span aria-hidden=\"true\" class=\"wp-block-cover__background has-background-dim-0 has-background-dim\"><\/span><div class=\"wp-block-cover__inner-container is-layout-flow wp-block-cover-is-layout-flow\">\n<p class=\"has-text-align-center has-large-font-size\"><\/p>\n<\/div><\/div>\n\n\n\n<div style=\"height:40px\" aria-hidden=\"true\" class=\"wp-block-spacer\"><\/div>\n\n\n\n<h1 class=\"wp-block-heading has-text-align-center has-blue-color has-text-color has-link-color wp-elements-b0d16275435057a9786d261ccc9a5d6a\">Shore programme<\/h1>\n\n\n\n<h2 class=\"wp-block-heading has-text-align-center has-red-color has-text-color has-link-color wp-elements-8385f890f172297ed9fd1bec87b49764\">July 12-19, 2025<\/h2>\n\n\n\n<div class=\"wp-block-columns alignfull wrapper is-layout-flex wp-container-core-columns-is-layout-28f84493 wp-block-columns-is-layout-flex\">\n<div class=\"wp-block-column is-layout-flow wp-block-column-is-layout-flow\">\n<div class=\"wp-block-columns alignfull wrapper is-layout-flex wp-container-core-columns-is-layout-28f84493 wp-block-columns-is-layout-flex\">\n<div class=\"wp-block-column is-layout-flow wp-block-column-is-layout-flow\">\n<div class=\"wp-block-columns wrapper is-layout-flex wp-container-core-columns-is-layout-28f84493 wp-block-columns-is-layout-flex\">\n<div class=\"wp-block-column is-layout-flow wp-block-column-is-layout-flow\">\n<div class=\"wp-block-cover ed-linked-block\" style=\"min-height:130px;aspect-ratio:unset;\"><span aria-hidden=\"true\" class=\"wp-block-cover__background has-blue-background-color has-background-dim-100 has-background-dim\"><\/span><div class=\"wp-block-cover__inner-container is-layout-constrained wp-block-cover-is-layout-constrained\">\n<h5 class=\"wp-block-heading has-text-align-center\" style=\"font-size:17px\">SATURDAY<br>JULY 12<br><br>Haapsalu<\/h5>\n<\/div><a href=\"https:\/\/muhuvain.ee\/en\/programme-saturday-12-07\/\" class=\"edhotels-block-link\" rel=\"\"><\/a><\/div>\n<\/div>\n\n\n\n<div class=\"wp-block-column is-layout-flow wp-block-column-is-layout-flow\">\n<div class=\"wp-block-cover ed-linked-block\" style=\"min-height:120px;aspect-ratio:unset;\"><span aria-hidden=\"true\" class=\"wp-block-cover__background has-blue-background-color has-background-dim-100 has-background-dim\"><\/span><div class=\"wp-block-cover__inner-container is-layout-constrained wp-block-cover-is-layout-constrained\">\n<h4 class=\"wp-block-heading has-text-align-center\" style=\"font-size:17px\">SUNDAY<br>JULY 13<br><br>Haapsalu<\/h4>\n<\/div><a href=\"https:\/\/muhuvain.ee\/en\/programme-sunday-13-07\/\" class=\"edhotels-block-link\" rel=\"\"><\/a><\/div>\n<\/div>\n\n\n\n<div class=\"wp-block-column is-layout-flow wp-block-column-is-layout-flow\">\n<div class=\"wp-block-cover ed-linked-block\" style=\"min-height:120px;aspect-ratio:unset;\"><span aria-hidden=\"true\" class=\"wp-block-cover__background has-blue-background-color has-background-dim-100 has-background-dim\"><\/span><div class=\"wp-block-cover__inner-container is-layout-constrained wp-block-cover-is-layout-constrained\">\n<h4 class=\"wp-block-heading has-text-align-center\" style=\"font-size:17px\">MONDAY<br>JULY 14<br>Haapsalu<br>K\u00f5iguste<\/h4>\n<\/div><a href=\"https:\/\/muhuvain.ee\/en\/programme-monday-14-07\/\" class=\"edhotels-block-link\" rel=\"\"><\/a><\/div>\n<\/div>\n\n\n\n<div class=\"wp-block-column is-layout-flow wp-block-column-is-layout-flow\">\n<div class=\"wp-block-cover ed-linked-block\" style=\"min-height:120px;aspect-ratio:unset;\"><span aria-hidden=\"true\" class=\"wp-block-cover__background has-blue-background-color has-background-dim-100 has-background-dim\"><\/span><div class=\"wp-block-cover__inner-container is-layout-constrained wp-block-cover-is-layout-constrained\">\n<h4 class=\"wp-block-heading has-text-align-center\" style=\"font-size:17px\">TUESDAY<br>JULY 15<br><br>K\u00f5iguste<\/h4>\n<\/div><a href=\"https:\/\/muhuvain.ee\/en\/programme-tuesday-15-07\/\" class=\"edhotels-block-link\" rel=\"\"><\/a><\/div>\n<\/div>\n\n\n\n<div class=\"wp-block-column is-layout-flow wp-block-column-is-layout-flow\">\n<div class=\"wp-block-cover ed-linked-block\" style=\"min-height:120px;aspect-ratio:unset;\"><span aria-hidden=\"true\" class=\"wp-block-cover__background has-blue-background-color has-background-dim-100 has-background-dim\"><\/span><div class=\"wp-block-cover__inner-container is-layout-constrained wp-block-cover-is-layout-constrained\">\n<h4 class=\"wp-block-heading has-text-align-center\" style=\"font-size:17px\">WEDNESDAY<br>JULY 16<br>K\u00f5iguste<br>Kuressaare<\/h4>\n<\/div><a href=\"https:\/\/muhuvain.ee\/en\/programme-wednesday-16-07\/\" class=\"edhotels-block-link\" rel=\"\"><\/a><\/div>\n<\/div>\n\n\n\n<div class=\"wp-block-column is-layout-flow wp-block-column-is-layout-flow\">\n<div class=\"wp-block-cover ed-linked-block\" style=\"font-size:17px;min-height:120px;aspect-ratio:unset;\"><span aria-hidden=\"true\" class=\"wp-block-cover__background has-blue-background-color has-background-dim-100 has-background-dim\"><\/span><div class=\"wp-block-cover__inner-container is-layout-constrained wp-block-cover-is-layout-constrained\">\n<h5 class=\"wp-block-heading has-text-align-center\" style=\"font-size:17px\">THURSDAY<br>JULY 17<br><br>Kuressaare<\/h5>\n<\/div><a href=\"https:\/\/muhuvain.ee\/en\/programme-thursday-17-07\/\" class=\"edhotels-block-link\" rel=\"\"><\/a><\/div>\n<\/div>\n\n\n\n<div class=\"wp-block-column is-layout-flow wp-block-column-is-layout-flow\">\n<div class=\"wp-block-cover ed-linked-block\" style=\"font-size:17px;min-height:120px;aspect-ratio:unset;\"><span aria-hidden=\"true\" class=\"wp-block-cover__background has-blue-background-color has-background-dim-100 has-background-dim\"><\/span><div class=\"wp-block-cover__inner-container is-layout-constrained wp-block-cover-is-layout-constrained\">\n<h5 class=\"wp-block-heading has-text-align-center\" style=\"font-size:17px\">FRIDAY<br>JULY 18<br>Kuressaare<br>P\u00e4rnu<\/h5>\n<\/div><a href=\"https:\/\/muhuvain.ee\/en\/programme-friday-18-07\/\" class=\"edhotels-block-link\" rel=\"\"><\/a><\/div>\n<\/div>\n\n\n\n<div class=\"wp-block-column is-layout-flow wp-block-column-is-layout-flow\">\n<div class=\"wp-block-cover ed-linked-block\" style=\"font-size:17px;min-height:120px;aspect-ratio:unset;\"><span aria-hidden=\"true\" class=\"wp-block-cover__background has-blue-background-color has-background-dim-100 has-background-dim\"><\/span><div class=\"wp-block-cover__inner-container is-layout-constrained wp-block-cover-is-layout-constrained\">\n<h5 class=\"wp-block-heading has-text-align-center\" style=\"font-size:17px\">SATURDAY<br>JULY 19<br><br><strong>P\u00e4rnu<\/strong><\/h5>\n<\/div><a href=\"https:\/\/muhuvain.ee\/en\/programme-saturday-19-07\/\" class=\"edhotels-block-link\" rel=\"\"><\/a><\/div>\n<\/div>\n<\/div>\n<\/div>\n<\/div>\n<\/div>\n<\/div>\n\n\n\n<div style=\"height:20px\" aria-hidden=\"true\" class=\"wp-block-spacer\"><\/div>\n\n\n\n<div class=\"wp-block-media-text alignwide is-stacked-on-mobile is-vertically-aligned-center has-blue-background-color has-background\"><figure class=\"wp-block-media-text__media\"><img loading=\"lazy\" decoding=\"async\" width=\"1024\" height=\"683\" src=\"https:\/\/muhuvain.ee\/wp-content\/uploads\/2025\/05\/MUHUVAIN_purjekad-1024x683.jpg\" alt=\"\" class=\"wp-image-75 size-full\" srcset=\"https:\/\/muhuvain.ee\/wp-content\/uploads\/2025\/05\/MUHUVAIN_purjekad-1024x683.jpg 1024w, https:\/\/muhuvain.ee\/wp-content\/uploads\/2025\/05\/MUHUVAIN_purjekad-300x200.jpg 300w, https:\/\/muhuvain.ee\/wp-content\/uploads\/2025\/05\/MUHUVAIN_purjekad-768x512.jpg 768w, https:\/\/muhuvain.ee\/wp-content\/uploads\/2025\/05\/MUHUVAIN_purjekad-1536x1024.jpg 1536w, https:\/\/muhuvain.ee\/wp-content\/uploads\/2025\/05\/MUHUVAIN_purjekad-2048x1365.jpg 2048w, https:\/\/muhuvain.ee\/wp-content\/uploads\/2025\/05\/MUHUVAIN_purjekad-1568x1045.jpg 1568w\" sizes=\"auto, (max-width: 1024px) 100vw, 1024px\" \/><\/figure><div class=\"wp-block-media-text__content\">\n<p class=\"has-white-color has-text-color has-link-color wp-elements-a04bd83e497c11ba1b994391c60d85c4\"><strong>Saturday, July 12<\/strong> Registration, measurment and inspection in Haapsalu marina<br><strong>    at 7 pm Opening ceremony of the A. Le Coq 68th Moonsund regatta<\/strong><br><strong>Sunday, July 13<\/strong> Alter Marine Haapsalu coastal<br><strong>Monday, July 14<\/strong> LTT Haapsalu\u2013K\u00f5iguste<br><strong>Tuesday, July 15<\/strong> Alexela K\u00f5iguste coastal<br><strong>Wednesday, July 16<\/strong> Mount Gay K\u00f5iguste\u2013Kuressaare<br><strong>Thursday, July 17<\/strong> JOIK Kuressaare WL<strong><br>Friday, July 18<\/strong> Santa Maria Kuressaare\u2013P\u00e4rnu<br><strong>Saturday, July 19<\/strong> Loodus Invest P\u00e4rnu coastal<br><strong>Prize giving ceremony of the A. Le Coq 68th Moonsund regatta in P\u00e4rnu YC<br><\/strong><\/p>\n<\/div><\/div>\n\n\n\n<div style=\"height:19px\" aria-hidden=\"true\" class=\"wp-block-spacer\"><\/div>\n\n\n\n<p><\/p>\n","protected":false},"excerpt":{"rendered":"<p>Shore programme July 12-19, 2025 Saturday, July 12 Registration, measurment and inspection in Haapsalu marina at 7 pm Opening ceremony of the A. Le Coq 68th Moonsund regattaSunday, July 13 Alter Marine Haapsalu coastalMonday, July 14 LTT Haapsalu\u2013K\u00f5igusteTuesday, July 15 Alexela K\u00f5iguste coastalWednesday, July 16 Mount Gay K\u00f5iguste\u2013KuressaareThursday, July 17 JOIK Kuressaare WLFriday, July 18 [&hellip;]<\/p>\n","protected":false},"author":3,"featured_media":0,"parent":0,"menu_order":0,"comment_status":"closed","ping_status":"closed","template":"","meta":{"_eb_attr":"","footnotes":""},"class_list":["post-600","page","type-page","status-publish","hentry"],"yoast_head":"<!-- This site is optimized with the Yoast SEO plugin v27.3 - https:\/\/yoast.com\/product\/yoast-seo-wordpress\/ -->\n<title>Shore programme - Muhu V&auml;ina regatt<\/title>\n<meta name=\"description\" content=\"Moonsund Regatta \/ Muhu V\u00e4ina regatt shore programme - keep your eye on the programme and take part of the events!\" \/>\n<meta name=\"robots\" content=\"index, follow, max-snippet:-1, max-image-preview:large, max-video-preview:-1\" \/>\n<link rel=\"canonical\" href=\"https:\/\/muhuvain.ee\/en\/shore-programme\/\" \/>\n<meta property=\"og:locale\" content=\"en_US\" \/>\n<meta property=\"og:type\" content=\"article\" \/>\n<meta property=\"og:title\" content=\"Shore programme - Muhu V&auml;ina regatt\" \/>\n<meta property=\"og:description\" content=\"Moonsund Regatta \/ Muhu V\u00e4ina regatt shore programme - keep your eye on the programme and take part of the events!\" \/>\n<meta property=\"og:url\" content=\"https:\/\/muhuvain.ee\/en\/shore-programme\/\" \/>\n<meta property=\"og:site_name\" content=\"Muhu V&auml;ina regatt\" \/>\n<meta property=\"article:modified_time\" content=\"2025-07-10T07:31:33+00:00\" \/>\n<meta property=\"og:image\" content=\"https:\/\/muhuvain.ee\/wp-content\/uploads\/2025\/06\/matkagrupp4.jpg\" \/>\n\t<meta property=\"og:image:width\" content=\"2020\" \/>\n\t<meta property=\"og:image:height\" content=\"1347\" \/>\n\t<meta property=\"og:image:type\" content=\"image\/jpeg\" \/>\n<meta name=\"twitter:card\" content=\"summary_large_image\" \/>\n<meta name=\"twitter:label1\" content=\"Est. reading time\" \/>\n\t<meta name=\"twitter:data1\" content=\"2 minutes\" \/>\n<script type=\"application\/ld+json\" class=\"yoast-schema-graph\">{\"@context\":\"https:\\\/\\\/schema.org\",\"@graph\":[{\"@type\":\"WebPage\",\"@id\":\"https:\\\/\\\/muhuvain.ee\\\/en\\\/shore-programme\\\/\",\"url\":\"https:\\\/\\\/muhuvain.ee\\\/en\\\/shore-programme\\\/\",\"name\":\"Shore programme - Muhu V&auml;ina regatt\",\"isPartOf\":{\"@id\":\"https:\\\/\\\/muhuvain.ee\\\/#website\"},\"primaryImageOfPage\":{\"@id\":\"https:\\\/\\\/muhuvain.ee\\\/en\\\/shore-programme\\\/#primaryimage\"},\"image\":{\"@id\":\"https:\\\/\\\/muhuvain.ee\\\/en\\\/shore-programme\\\/#primaryimage\"},\"thumbnailUrl\":\"https:\\\/\\\/muhuvain.ee\\\/wp-content\\\/uploads\\\/2025\\\/06\\\/matkagrupp4.jpg\",\"datePublished\":\"2025-06-06T08:10:51+00:00\",\"dateModified\":\"2025-07-10T07:31:33+00:00\",\"description\":\"Moonsund Regatta \\\/ Muhu V\u00e4ina regatt shore programme - keep your eye on the programme and take part of the events!\",\"breadcrumb\":{\"@id\":\"https:\\\/\\\/muhuvain.ee\\\/en\\\/shore-programme\\\/#breadcrumb\"},\"inLanguage\":\"en-US\",\"potentialAction\":[{\"@type\":\"ReadAction\",\"target\":[\"https:\\\/\\\/muhuvain.ee\\\/en\\\/shore-programme\\\/\"]}]},{\"@type\":\"ImageObject\",\"inLanguage\":\"en-US\",\"@id\":\"https:\\\/\\\/muhuvain.ee\\\/en\\\/shore-programme\\\/#primaryimage\",\"url\":\"https:\\\/\\\/muhuvain.ee\\\/wp-content\\\/uploads\\\/2025\\\/06\\\/matkagrupp4.jpg\",\"contentUrl\":\"https:\\\/\\\/muhuvain.ee\\\/wp-content\\\/uploads\\\/2025\\\/06\\\/matkagrupp4.jpg\"},{\"@type\":\"BreadcrumbList\",\"@id\":\"https:\\\/\\\/muhuvain.ee\\\/en\\\/shore-programme\\\/#breadcrumb\",\"itemListElement\":[{\"@type\":\"ListItem\",\"position\":1,\"name\":\"Home\",\"item\":\"https:\\\/\\\/muhuvain.ee\\\/en\\\/\"},{\"@type\":\"ListItem\",\"position\":2,\"name\":\"Programme\"}]},{\"@type\":\"WebSite\",\"@id\":\"https:\\\/\\\/muhuvain.ee\\\/#website\",\"url\":\"https:\\\/\\\/muhuvain.ee\\\/\",\"name\":\"Muhu V&auml;ina regatt\",\"description\":\"A. Le Coq 69. Muhu V&auml;ina regatt \\\/ A. Le Coq 69th Moonsund Regatta \\\/ 10-17.07.2026\",\"potentialAction\":[{\"@type\":\"SearchAction\",\"target\":{\"@type\":\"EntryPoint\",\"urlTemplate\":\"https:\\\/\\\/muhuvain.ee\\\/?s={search_term_string}\"},\"query-input\":{\"@type\":\"PropertyValueSpecification\",\"valueRequired\":true,\"valueName\":\"search_term_string\"}}],\"inLanguage\":\"en-US\"}]}<\/script>\n<!-- \/ Yoast SEO plugin. -->","yoast_head_json":{"title":"Shore programme - Muhu V&auml;ina regatt","description":"Moonsund Regatta \/ Muhu V\u00e4ina regatt shore programme - keep your eye on the programme and take part of the events!","robots":{"index":"index","follow":"follow","max-snippet":"max-snippet:-1","max-image-preview":"max-image-preview:large","max-video-preview":"max-video-preview:-1"},"canonical":"https:\/\/muhuvain.ee\/en\/shore-programme\/","og_locale":"en_US","og_type":"article","og_title":"Shore programme - Muhu V&auml;ina regatt","og_description":"Moonsund Regatta \/ Muhu V\u00e4ina regatt shore programme - keep your eye on the programme and take part of the events!","og_url":"https:\/\/muhuvain.ee\/en\/shore-programme\/","og_site_name":"Muhu V&auml;ina regatt","article_modified_time":"2025-07-10T07:31:33+00:00","og_image":[{"width":2020,"height":1347,"url":"https:\/\/muhuvain.ee\/wp-content\/uploads\/2025\/06\/matkagrupp4.jpg","type":"image\/jpeg"}],"twitter_card":"summary_large_image","twitter_misc":{"Est. reading time":"2 minutes"},"schema":{"@context":"https:\/\/schema.org","@graph":[{"@type":"WebPage","@id":"https:\/\/muhuvain.ee\/en\/shore-programme\/","url":"https:\/\/muhuvain.ee\/en\/shore-programme\/","name":"Shore programme - Muhu V&auml;ina regatt","isPartOf":{"@id":"https:\/\/muhuvain.ee\/#website"},"primaryImageOfPage":{"@id":"https:\/\/muhuvain.ee\/en\/shore-programme\/#primaryimage"},"image":{"@id":"https:\/\/muhuvain.ee\/en\/shore-programme\/#primaryimage"},"thumbnailUrl":"https:\/\/muhuvain.ee\/wp-content\/uploads\/2025\/06\/matkagrupp4.jpg","datePublished":"2025-06-06T08:10:51+00:00","dateModified":"2025-07-10T07:31:33+00:00","description":"Moonsund Regatta \/ Muhu V\u00e4ina regatt shore programme - keep your eye on the programme and take part of the events!","breadcrumb":{"@id":"https:\/\/muhuvain.ee\/en\/shore-programme\/#breadcrumb"},"inLanguage":"en-US","potentialAction":[{"@type":"ReadAction","target":["https:\/\/muhuvain.ee\/en\/shore-programme\/"]}]},{"@type":"ImageObject","inLanguage":"en-US","@id":"https:\/\/muhuvain.ee\/en\/shore-programme\/#primaryimage","url":"https:\/\/muhuvain.ee\/wp-content\/uploads\/2025\/06\/matkagrupp4.jpg","contentUrl":"https:\/\/muhuvain.ee\/wp-content\/uploads\/2025\/06\/matkagrupp4.jpg"},{"@type":"BreadcrumbList","@id":"https:\/\/muhuvain.ee\/en\/shore-programme\/#breadcrumb","itemListElement":[{"@type":"ListItem","position":1,"name":"Home","item":"https:\/\/muhuvain.ee\/en\/"},{"@type":"ListItem","position":2,"name":"Programme"}]},{"@type":"WebSite","@id":"https:\/\/muhuvain.ee\/#website","url":"https:\/\/muhuvain.ee\/","name":"Muhu V&auml;ina regatt","description":"A. Le Coq 69. Muhu V&auml;ina regatt \/ A. Le Coq 69th Moonsund Regatta \/ 10-17.07.2026","potentialAction":[{"@type":"SearchAction","target":{"@type":"EntryPoint","urlTemplate":"https:\/\/muhuvain.ee\/?s={search_term_string}"},"query-input":{"@type":"PropertyValueSpecification","valueRequired":true,"valueName":"search_term_string"}}],"inLanguage":"en-US"}]}},"_links":{"self":[{"href":"https:\/\/muhuvain.ee\/en\/wp-json\/wp\/v2\/pages\/600","targetHints":{"allow":["GET"]}}],"collection":[{"href":"https:\/\/muhuvain.ee\/en\/wp-json\/wp\/v2\/pages"}],"about":[{"href":"https:\/\/muhuvain.ee\/en\/wp-json\/wp\/v2\/types\/page"}],"author":[{"embeddable":true,"href":"https:\/\/muhuvain.ee\/en\/wp-json\/wp\/v2\/users\/3"}],"replies":[{"embeddable":true,"href":"https:\/\/muhuvain.ee\/en\/wp-json\/wp\/v2\/comments?post=600"}],"version-history":[{"count":8,"href":"https:\/\/muhuvain.ee\/en\/wp-json\/wp\/v2\/pages\/600\/revisions"}],"predecessor-version":[{"id":1435,"href":"https:\/\/muhuvain.ee\/en\/wp-json\/wp\/v2\/pages\/600\/revisions\/1435"}],"wp:attachment":[{"href":"https:\/\/muhuvain.ee\/en\/wp-json\/wp\/v2\/media?parent=600"}],"curies":[{"name":"wp","href":"https:\/\/api.w.org\/{rel}","templated":true}]}}